{"id":28,"date":"2020-08-24T12:26:42","date_gmt":"2020-08-24T15:26:42","guid":{"rendered":"http:\/\/dev.aplustecnologia.com.br\/wordpress\/?page_id=28"},"modified":"2020-08-24T12:26:42","modified_gmt":"2020-08-24T15:26:42","slug":"pagina-inicial-homepage","status":"publish","type":"page","link":"https:\/\/dev.aplustecnologia.com.br\/wordpress\/","title":{"rendered":"P\u00e1gina Inicial (Homepage)"},"content":{"rendered":"\n<p>Bem-vindo(a) ao seu site! Est\u00e1 \u00e9 sua p\u00e1gina inicial, que \u00e9 a p\u00e1gina que a maioria dos visitantes vai ver quando acessarem o seu site pela primeira vez.<\/p>\n","protected":false},"excerpt":{"rendered":"<p>Bem-vindo(a) ao seu site! Est\u00e1 \u00e9 sua p\u00e1gina inicial, que \u00e9 a p\u00e1gina que a maioria dos visitantes vai ver quando acessarem o seu site pela primeira vez.<\/p>\n","protected":false},"author":1,"featured_media":0,"parent":0,"menu_order":0,"comment_status":"closed","ping_status":"closed","template":"template-fullwidth.php","meta":[],"_links":{"self":[{"href":"https:\/\/dev.aplustecnologia.com.br\/wordpress\/wp-json\/wp\/v2\/pages\/28"}],"collection":[{"href":"https:\/\/dev.aplustecnologia.com.br\/wordpress\/wp-json\/wp\/v2\/pages"}],"about":[{"href":"https:\/\/dev.aplustecnologia.com.br\/wordpress\/wp-json\/wp\/v2\/types\/page"}],"author":[{"embeddable":true,"href":"https:\/\/dev.aplustecnologia.com.br\/wordpress\/wp-json\/wp\/v2\/users\/1"}],"replies":[{"embeddable":true,"href":"https:\/\/dev.aplustecnologia.com.br\/wordpress\/wp-json\/wp\/v2\/comments?post=28"}],"version-history":[{"count":1,"href":"https:\/\/dev.aplustecnologia.com.br\/wordpress\/wp-json\/wp\/v2\/pages\/28\/revisions"}],"predecessor-version":[{"id":43,"href":"https:\/\/dev.aplustecnologia.com.br\/wordpress\/wp-json\/wp\/v2\/pages\/28\/revisions\/43"}],"wp:attachment":[{"href":"https:\/\/dev.aplustecnologia.com.br\/wordpress\/wp-json\/wp\/v2\/media?parent=28"}],"curies":[{"name":"wp","href":"https:\/\/api.w.org\/{rel}","templated":true}]}}